{"id":7,"date":"2021-03-23T15:58:46","date_gmt":"2021-03-23T14:58:46","guid":{"rendered":"https:\/\/dttogo.gouv.tg\/?page_id=7"},"modified":"2022-07-19T21:24:57","modified_gmt":"2022-07-19T21:24:57","slug":"accueil","status":"publish","type":"page","link":"https:\/\/dttogo.gouv.tg\/","title":{"rendered":"Accueil"},"content":{"rendered":"\t\t<div data-elementor-type=\"wp-page\" data-elementor-id=\"7\" class=\"elementor elementor-7\">\n\t\t\t\t\t\t\t\t\t<section class=\"elementor-section elementor-top-section elementor-element elementor-element-189883a elementor-section-full_width elementor-section-height-min-height elementor-section-items-bottom elementor-section-stretched elementor-section-height-default\" data-id=\"189883a\" data-element_type=\"section\" data-settings=\"{&quot;background_background&quot;:&quot;classic&quot;,&quot;stretch_section&quot;:&quot;section-stretched&quot;}\">\n\t\t\t\t\t\t<div class=\"elementor-container elementor-column-gap-default\">\n\t\t\t\t\t<div class=\"elementor-column elementor-col-100 elementor-top-column elementor-element elementor-element-c118d49\" data-id=\"c118d49\" data-element_type=\"column\">\n\t\t\t<div class=\"elementor-widget-wrap elementor-element-populated\">\n\t\t\t\t\t\t\t\t<section class=\"elementor-section elementor-inner-section elementor-element elementor-element-cca5ed1 elementor-section-boxed elementor-section-height-default elementor-section-height-default\" data-id=\"cca5ed1\" data-element_type=\"section\">\n\t\t\t\t\t\t<div class=\"elementor-container elementor-column-gap-default\">\n\t\t\t\t\t<div class=\"elementor-column elementor-col-50 elementor-inner-column elementor-element elementor-element-0c8f846\" data-id=\"0c8f846\" data-element_type=\"column\">\n\t\t\t<div class=\"elementor-widget-wrap elementor-element-populated\">\n\t\t\t\t\t\t\t\t<div class=\"elementor-element elementor-element-4e6b9b7 elementor-widget elementor-widget-heading\" data-id=\"4e6b9b7\" data-element_type=\"widget\" data-widget_type=\"heading.default\">\n\t\t\t\t<div class=\"elementor-widget-container\">\n\t\t\t<h2 class=\"elementor-heading-title elementor-size-default\">DROIT DE TRAFIC<br>\nMARITIME<\/h2>\t\t<\/div>\n\t\t\t\t<\/div>\n\t\t\t\t<div class=\"elementor-element elementor-element-9e85692 elementor-widget elementor-widget-text-editor\" data-id=\"9e85692\" data-element_type=\"widget\" data-widget_type=\"text-editor.default\">\n\t\t\t\t<div class=\"elementor-widget-container\">\n\t\t\t\t\t\t\t<p>Est une application web d\u00e9velopp\u00e9e par la Continental Maritime Services (CMS) pour le compte du Conseil National des Chargeurs du Togo. Elle a pour but de collecter aupr\u00e8s des Consignataires, les informations sur les cargaisons d\u00e9barqu\u00e9es et embarqu\u00e9es aux ports du Togo, afin de facturer et recouvrer les recettes li\u00e9es au Droit de Trafic maritime.<\/p>\t\t\t\t\t\t<\/div>\n\t\t\t\t<\/div>\n\t\t\t\t\t<\/div>\n\t\t<\/div>\n\t\t\t\t<div class=\"elementor-column elementor-col-50 elementor-inner-column elementor-element elementor-element-a694356\" data-id=\"a694356\" data-element_type=\"column\">\n\t\t\t<div class=\"elementor-widget-wrap\">\n\t\t\t\t\t\t\t\t\t<\/div>\n\t\t<\/div>\n\t\t\t\t\t\t\t<\/div>\n\t\t<\/section>\n\t\t\t\t<section class=\"elementor-section elementor-inner-section elementor-element elementor-element-3303e3f elementor-section-boxed elementor-section-height-default elementor-section-height-default\" data-id=\"3303e3f\" data-element_type=\"section\">\n\t\t\t\t\t\t<div class=\"elementor-container elementor-column-gap-default\">\n\t\t\t\t\t<div class=\"elementor-column elementor-col-33 elementor-inner-column elementor-element elementor-element-485b924\" data-id=\"485b924\" data-element_type=\"column\">\n\t\t\t<div class=\"elementor-widget-wrap elementor-element-populated\">\n\t\t\t\t\t\t\t\t<div class=\"elementor-element elementor-element-b42b077 elementor-widget elementor-widget-elementskit-button\" data-id=\"b42b077\" data-element_type=\"widget\" data-widget_type=\"elementskit-button.default\">\n\t\t\t\t<div class=\"elementor-widget-container\">\n\t\t\t<div class=\"ekit-wid-con\" >\t\t<div class=\"ekit-btn-wraper\">\n\t\t\t\t\t\t\t<a href=\"#elementor-action%3Aaction%3Dpopup%3Aopen%26settings%3DeyJpZCI6IjEyMSIsInRvZ2dsZSI6ZmFsc2V9\" class=\"elementskit-btn  whitespace--normal\" >\n\t\t\t\t\t\n\t\t\t\t\t\n\t\t\t\t\tDOCUMENTATIONS\t\t\t\t<\/a>\n\t\t\t\t\t\t<\/div>\n        <\/div>\t\t<\/div>\n\t\t\t\t<\/div>\n\t\t\t\t\t<\/div>\n\t\t<\/div>\n\t\t\t\t<div class=\"elementor-column elementor-col-33 elementor-inner-column elementor-element elementor-element-ff9876d\" data-id=\"ff9876d\" data-element_type=\"column\">\n\t\t\t<div class=\"elementor-widget-wrap elementor-element-populated\">\n\t\t\t\t\t\t\t\t<div class=\"elementor-element elementor-element-4da7443 elementor-widget elementor-widget-elementskit-button\" data-id=\"4da7443\" data-element_type=\"widget\" data-widget_type=\"elementskit-button.default\">\n\t\t\t\t<div class=\"elementor-widget-container\">\n\t\t\t<div class=\"ekit-wid-con\" >\t\t<div class=\"ekit-btn-wraper\">\n\t\t\t\t\t\t\t<a href=\"#elementor-action%3Aaction%3Dpopup%3Aopen%26settings%3DeyJpZCI6IjE3MSIsInRvZ2dsZSI6ZmFsc2V9\" class=\"elementskit-btn  whitespace--normal\" >\n\t\t\t\t\t\n\t\t\t\t\t\n\t\t\t\t\tVIDEOS\t\t\t\t<\/a>\n\t\t\t\t\t\t<\/div>\n        <\/div>\t\t<\/div>\n\t\t\t\t<\/div>\n\t\t\t\t\t<\/div>\n\t\t<\/div>\n\t\t\t\t<div class=\"elementor-column elementor-col-33 elementor-inner-column elementor-element elementor-element-ddb2139\" data-id=\"ddb2139\" data-element_type=\"column\">\n\t\t\t<div class=\"elementor-widget-wrap elementor-element-populated\">\n\t\t\t\t\t\t\t\t<div class=\"elementor-element elementor-element-1502a01 elementor-widget elementor-widget-elementskit-button\" data-id=\"1502a01\" data-element_type=\"widget\" data-widget_type=\"elementskit-button.default\">\n\t\t\t\t<div class=\"elementor-widget-container\">\n\t\t\t<div class=\"ekit-wid-con\" >\t\t<div class=\"ekit-btn-wraper\">\n\t\t\t\t\t\t\t<a href=\"#elementor-action%3Aaction%3Dpopup%3Aopen%26settings%3DeyJpZCI6IjE4MCIsInRvZ2dsZSI6ZmFsc2V9\" class=\"elementskit-btn  whitespace--normal\" >\n\t\t\t\t\t\n\t\t\t\t\t\n\t\t\t\t\tACTUALITES\t\t\t\t<\/a>\n\t\t\t\t\t\t<\/div>\n        <\/div>\t\t<\/div>\n\t\t\t\t<\/div>\n\t\t\t\t\t<\/div>\n\t\t<\/div>\n\t\t\t\t\t\t\t<\/div>\n\t\t<\/section>\n\t\t\t\t\t<\/div>\n\t\t<\/div>\n\t\t\t\t\t\t\t<\/div>\n\t\t<\/section>\n\t\t\t\t\t\t\t<\/div>\n\t\t","protected":false},"excerpt":{"rendered":"<p>DROIT DE TRAFIC MARITIME Est une application web d\u00e9velopp\u00e9e par la Continental Maritime Services (CMS) pour le compte du Conseil National des Chargeurs du Togo. Elle a pour but de collecter aupr\u00e8s des Consignataires, les informations sur les cargaisons d\u00e9barqu\u00e9es et embarqu\u00e9es aux ports du Togo, afin de facturer et recouvrer les recettes li\u00e9es au [&hellip;]<\/p>\n","protected":false},"author":1,"featured_media":0,"parent":0,"menu_order":0,"comment_status":"closed","ping_status":"closed","template":"elementor_header_footer","meta":{"om_disable_all_campaigns":false,"_monsterinsights_skip_tracking":false,"_monsterinsights_sitenote_active":false,"_monsterinsights_sitenote_note":"","_monsterinsights_sitenote_category":0,"footnotes":""},"class_list":["post-7","page","type-page","status-publish","hentry"],"aioseo_notices":[],"yoast_head":"<!-- This site is optimized with the Yoast SEO plugin v20.6 - https:\/\/yoast.com\/wordpress\/plugins\/seo\/ -->\n<title>Accueil - DT TOGO<\/title>\n<meta name=\"robots\" content=\"index, follow, max-snippet:-1, max-image-preview:large, max-video-preview:-1\" \/>\n<link rel=\"canonical\" href=\"https:\/\/dttogo.gouv.tg\/\" \/>\n<meta property=\"og:locale\" content=\"fr_FR\" \/>\n<meta property=\"og:type\" content=\"article\" \/>\n<meta property=\"og:title\" content=\"Accueil - DT TOGO\" \/>\n<meta property=\"og:description\" content=\"DROIT DE TRAFIC MARITIME Est une application web d\u00e9velopp\u00e9e par la Continental Maritime Services (CMS) pour le compte du Conseil National des Chargeurs du Togo. Elle a pour but de collecter aupr\u00e8s des Consignataires, les informations sur les cargaisons d\u00e9barqu\u00e9es et embarqu\u00e9es aux ports du Togo, afin de facturer et recouvrer les recettes li\u00e9es au [&hellip;]\" \/>\n<meta property=\"og:url\" content=\"https:\/\/dttogo.gouv.tg\/\" \/>\n<meta property=\"og:site_name\" content=\"DT TOGO\" \/>\n<meta property=\"article:modified_time\" content=\"2022-07-19T21:24:57+00:00\" \/>\n<meta name=\"twitter:card\" content=\"summary_large_image\" \/>\n<script type=\"application\/ld+json\" class=\"yoast-schema-graph\">{\"@context\":\"https:\/\/schema.org\",\"@graph\":[{\"@type\":\"WebPage\",\"@id\":\"https:\/\/dttogo.gouv.tg\/\",\"url\":\"https:\/\/dttogo.gouv.tg\/\",\"name\":\"Accueil - DT TOGO\",\"isPartOf\":{\"@id\":\"https:\/\/dttogo.gouv.tg\/#website\"},\"datePublished\":\"2021-03-23T14:58:46+00:00\",\"dateModified\":\"2022-07-19T21:24:57+00:00\",\"breadcrumb\":{\"@id\":\"https:\/\/dttogo.gouv.tg\/#breadcrumb\"},\"inLanguage\":\"fr-FR\",\"potentialAction\":[{\"@type\":\"ReadAction\",\"target\":[\"https:\/\/dttogo.gouv.tg\/\"]}]},{\"@type\":\"BreadcrumbList\",\"@id\":\"https:\/\/dttogo.gouv.tg\/#breadcrumb\",\"itemListElement\":[{\"@type\":\"ListItem\",\"position\":1,\"name\":\"Accueil\",\"item\":\"https:\/\/dttogo.gouv.tg\/\"},{\"@type\":\"ListItem\",\"position\":2,\"name\":\"Accueil\"}]},{\"@type\":\"WebSite\",\"@id\":\"https:\/\/dttogo.gouv.tg\/#website\",\"url\":\"https:\/\/dttogo.gouv.tg\/\",\"name\":\"DT TOGO\",\"description\":\"Conseil National des Chargeurs du TOGO\",\"potentialAction\":[{\"@type\":\"SearchAction\",\"target\":{\"@type\":\"EntryPoint\",\"urlTemplate\":\"https:\/\/dttogo.gouv.tg\/?s={search_term_string}\"},\"query-input\":\"required name=search_term_string\"}],\"inLanguage\":\"fr-FR\"}]}<\/script>\n<!-- \/ Yoast SEO plugin. -->","yoast_head_json":{"title":"Accueil - DT TOGO","robots":{"index":"index","follow":"follow","max-snippet":"max-snippet:-1","max-image-preview":"max-image-preview:large","max-video-preview":"max-video-preview:-1"},"canonical":"https:\/\/dttogo.gouv.tg\/","og_locale":"fr_FR","og_type":"article","og_title":"Accueil - DT TOGO","og_description":"DROIT DE TRAFIC MARITIME Est une application web d\u00e9velopp\u00e9e par la Continental Maritime Services (CMS) pour le compte du Conseil National des Chargeurs du Togo. Elle a pour but de collecter aupr\u00e8s des Consignataires, les informations sur les cargaisons d\u00e9barqu\u00e9es et embarqu\u00e9es aux ports du Togo, afin de facturer et recouvrer les recettes li\u00e9es au [&hellip;]","og_url":"https:\/\/dttogo.gouv.tg\/","og_site_name":"DT TOGO","article_modified_time":"2022-07-19T21:24:57+00:00","twitter_card":"summary_large_image","schema":{"@context":"https:\/\/schema.org","@graph":[{"@type":"WebPage","@id":"https:\/\/dttogo.gouv.tg\/","url":"https:\/\/dttogo.gouv.tg\/","name":"Accueil - DT TOGO","isPartOf":{"@id":"https:\/\/dttogo.gouv.tg\/#website"},"datePublished":"2021-03-23T14:58:46+00:00","dateModified":"2022-07-19T21:24:57+00:00","breadcrumb":{"@id":"https:\/\/dttogo.gouv.tg\/#breadcrumb"},"inLanguage":"fr-FR","potentialAction":[{"@type":"ReadAction","target":["https:\/\/dttogo.gouv.tg\/"]}]},{"@type":"BreadcrumbList","@id":"https:\/\/dttogo.gouv.tg\/#breadcrumb","itemListElement":[{"@type":"ListItem","position":1,"name":"Accueil","item":"https:\/\/dttogo.gouv.tg\/"},{"@type":"ListItem","position":2,"name":"Accueil"}]},{"@type":"WebSite","@id":"https:\/\/dttogo.gouv.tg\/#website","url":"https:\/\/dttogo.gouv.tg\/","name":"DT TOGO","description":"Conseil National des Chargeurs du TOGO","potentialAction":[{"@type":"SearchAction","target":{"@type":"EntryPoint","urlTemplate":"https:\/\/dttogo.gouv.tg\/?s={search_term_string}"},"query-input":"required name=search_term_string"}],"inLanguage":"fr-FR"}]}},"_links":{"self":[{"href":"https:\/\/dttogo.gouv.tg\/index.php?rest_route=\/wp\/v2\/pages\/7","targetHints":{"allow":["GET"]}}],"collection":[{"href":"https:\/\/dttogo.gouv.tg\/index.php?rest_route=\/wp\/v2\/pages"}],"about":[{"href":"https:\/\/dttogo.gouv.tg\/index.php?rest_route=\/wp\/v2\/types\/page"}],"author":[{"embeddable":true,"href":"https:\/\/dttogo.gouv.tg\/index.php?rest_route=\/wp\/v2\/users\/1"}],"replies":[{"embeddable":true,"href":"https:\/\/dttogo.gouv.tg\/index.php?rest_route=%2Fwp%2Fv2%2Fcomments&post=7"}],"version-history":[{"count":5,"href":"https:\/\/dttogo.gouv.tg\/index.php?rest_route=\/wp\/v2\/pages\/7\/revisions"}],"predecessor-version":[{"id":498,"href":"https:\/\/dttogo.gouv.tg\/index.php?rest_route=\/wp\/v2\/pages\/7\/revisions\/498"}],"wp:attachment":[{"href":"https:\/\/dttogo.gouv.tg\/index.php?rest_route=%2Fwp%2Fv2%2Fmedia&parent=7"}],"curies":[{"name":"wp","href":"https:\/\/api.w.org\/{rel}","templated":true}]}}