{"id":321,"date":"2021-03-25T13:49:24","date_gmt":"2021-03-25T12:49:24","guid":{"rendered":"https:\/\/dttogo.gouv.tg\/?page_id=321"},"modified":"2022-01-31T14:44:10","modified_gmt":"2022-01-31T14:44:10","slug":"conditions-dutilisation","status":"publish","type":"page","link":"https:\/\/dttogo.gouv.tg\/?page_id=321","title":{"rendered":"Conditions d\u2019utilisation"},"content":{"rendered":"\t\t<div data-elementor-type=\"wp-page\" data-elementor-id=\"321\" class=\"elementor elementor-321\">\n\t\t\t\t\t\t\t\t\t<section class=\"elementor-section elementor-top-section elementor-element elementor-element-47b167a1 elementor-section-full_width elementor-section-height-min-height elementor-section-height-default elementor-section-items-middle\" data-id=\"47b167a1\" data-element_type=\"section\" data-settings=\"{&quot;background_background&quot;:&quot;classic&quot;}\">\n\t\t\t\t\t\t<div class=\"elementor-container elementor-column-gap-default\">\n\t\t\t\t\t<div class=\"elementor-column elementor-col-100 elementor-top-column elementor-element elementor-element-7ad50bfc\" data-id=\"7ad50bfc\" data-element_type=\"column\">\n\t\t\t<div class=\"elementor-widget-wrap\">\n\t\t\t\t\t\t\t\t\t<\/div>\n\t\t<\/div>\n\t\t\t\t\t\t\t<\/div>\n\t\t<\/section>\n\t\t\t\t<section class=\"elementor-section elementor-top-section elementor-element elementor-element-687e4529 elementor-section-boxed elementor-section-height-default elementor-section-height-default\" data-id=\"687e4529\" data-element_type=\"section\">\n\t\t\t\t\t\t<div class=\"elementor-container elementor-column-gap-default\">\n\t\t\t\t\t<div class=\"elementor-column elementor-col-100 elementor-top-column elementor-element elementor-element-7420d95e\" data-id=\"7420d95e\" data-element_type=\"column\" data-settings=\"{&quot;background_background&quot;:&quot;classic&quot;}\">\n\t\t\t<div class=\"elementor-widget-wrap elementor-element-populated\">\n\t\t\t\t\t\t\t\t<section class=\"elementor-section elementor-inner-section elementor-element elementor-element-17238760 elementor-section-boxed elementor-section-height-default elementor-section-height-default\" data-id=\"17238760\" data-element_type=\"section\">\n\t\t\t\t\t\t<div class=\"elementor-container elementor-column-gap-default\">\n\t\t\t\t\t<div class=\"elementor-column elementor-col-100 elementor-inner-column elementor-element elementor-element-347df6a8\" data-id=\"347df6a8\" data-element_type=\"column\">\n\t\t\t<div class=\"elementor-widget-wrap elementor-element-populated\">\n\t\t\t\t\t\t\t\t<div class=\"elementor-element elementor-element-70e80347 elementor-widget elementor-widget-heading\" data-id=\"70e80347\" data-element_type=\"widget\" data-widget_type=\"heading.default\">\n\t\t\t\t<div class=\"elementor-widget-container\">\n\t\t\t<h2 class=\"elementor-heading-title elementor-size-default\">Conditions d\u2019utilisation<\/h2>\t\t<\/div>\n\t\t\t\t<\/div>\n\t\t\t\t<div class=\"elementor-element elementor-element-23fe84f elementor-widget elementor-widget-text-editor\" data-id=\"23fe84f\" data-element_type=\"widget\" data-widget_type=\"text-editor.default\">\n\t\t\t\t<div class=\"elementor-widget-container\">\n\t\t\t\t\t\t\t<p>L\u2019utilisation de ce site, les termes et conditions de fourniture d\u2019information de notre part, sont r\u00e9gis par cette notice l\u00e9gale. En utilisant ce site, vous reconnaissez accepter les conditions ci-dessous et vous y engager.<\/p><p><strong>S\u00e9curit\u00e9<\/strong><\/p><p>Nous consid\u00e9rons la protection de vos donn\u00e9es personnelles comme capitale. Les donn\u00e9es recueillies vous concernant, lorsque vous choisissez de nous les communiquer, servent \u00e0 r\u00e9pondre \u00e0 vos demandes. En nous fournissant des donn\u00e9es vous concernant vous consentez \u00e0 ce que nous proc\u00e9dions comme indiqu\u00e9. Nous nous engageons \u00e0 ne les transmettre \u00e0 aucune tierce-partie en dehors du Groupe (Maison M\u00e8re de la soci\u00e9t\u00e9 BIVAC BV), except\u00e9 pour r\u00e9pondre \u00e0 vos demandes.<\/p><p>Pour la s\u00e9curit\u00e9 du site et pour nous assurer que le site reste disponible pour tous les utilisateurs, le Groupe contr\u00f4le le trafic du r\u00e9seau pour identifier les tentatives non autoris\u00e9es de t\u00e9l\u00e9chargement ou de changement de donn\u00e9es ou tout autre dommage caus\u00e9 au site. Quiconque utilise ce site consent express\u00e9ment \u00e0 un tel contr\u00f4le.<\/p><p>Toutes tentatives non-autoris\u00e9es de modifier une information stock\u00e9e sur ce syst\u00e8me, pour d\u00e9t\u00e9riorer ou contourner les \u00e9l\u00e9ments de s\u00e9curit\u00e9, ou pour utiliser ce syst\u00e8me dans un autre but que celui auquel il est destin\u00e9, sont interdites et peuvent faire l\u2019objet de poursuites judiciaires.<\/p><p>Si le contr\u00f4le r\u00e9v\u00e8le la preuve d\u2019une \u00e9ventuelle activit\u00e9 criminelle, une telle preuve peut \u00eatre fournie aux autorit\u00e9s comp\u00e9tentes.<\/p><p><strong>Mention Copyright (tous droits r\u00e9serv\u00e9s)<\/strong><\/p><p>Tout le contenu des sites internet de est la propri\u00e9t\u00e9 de sauf mention contraire. Aucune partie de ce site ne peut \u00eatre reproduite, communiqu\u00e9e ou copi\u00e9e sur un formulaire ou autres sans autorisation \u00e9crite, mais vous pouvez t\u00e9l\u00e9charger toute information fournie pour une utilisation non commerciale.<\/p><p>Toute reproduction, totale ou partielle, de ces sites, par quelle que personne que ce soit, sans l\u2019autorisation \u00e9crite de est interdite et constitue une contrefa\u00e7on sanctionn\u00e9e par les articles L.335-2 du Code de la Propri\u00e9t\u00e9 Intellectuelle.<\/p><p>Les marques ainsi que les logos qui figurent sur les sites sont des marques d\u00e9pos\u00e9es. En cons\u00e9quence, toute reproduction, quelle qu\u2019elle soit, de ces marques ou de ces logos, effectu\u00e9e \u00e0 partir des \u00e9l\u00e9ments de ces sites sans l\u2019autorisation expresse de est prohib\u00e9e, au sens du Code de la Propri\u00e9t\u00e9 Intellectuelle.<\/p><p><strong>D\u00e9n\u00e9gation \u00e0 l\u2019endos de responsabilit\u00e9<\/strong><\/p><p>Les documents publi\u00e9s sur ce site peuvent contenir des liens hypertextes vers des informations cr\u00e9\u00e9es et maintenues par d\u2019autres organisations publiques ou priv\u00e9es. Ces liens sont fournis dans l\u2019int\u00e9r\u00eat des visiteurs. De plus, l\u2019int\u00e9gration de liens vers des sites autres que ceux du Groupe n\u2019est pas destin\u00e9e \u00e0 donner de l\u2019importance \u00e0 ces sites ni aux informations qu\u2019ils contiennent, ni \u00e0 endosser, recommander, ou favoriser des opinions exprim\u00e9es, ou des produits ou services commerciaux offerts sur ces sites ext\u00e9rieurs, ou le sponsoring de sites par des organisations, par des marques commerciales, usine ou autre.<\/p><p>La r\u00e9f\u00e9rence sur les sites , process ou services, ou l\u2019utilisation de tout nom d\u2019entreprise commerciale, destin\u00e9e \u00e0 l\u2019information des visiteurs, ne constitue en aucun cas un endos de responsabilit\u00e9, une recommandation, ou un avis de favoritisme du Groupe. Les conceptions et opinions des auteurs exprim\u00e9s ici ne traduisent ni ne refl\u00e8tent n\u00e9cessairement celles du Groupe et ne devront pas \u00eatre utilis\u00e9es dans un but publicitaire ou de recommandation pour un produit.<\/p><p><strong>D\u00e9ni de responsabilit\u00e9<\/strong><\/p><p>Nous nous effor\u00e7ons de fournir des informations pr\u00e9cises et compl\u00e8tes. Toutefois, compte tenu des milliers de documents mis \u00e0 disposition, souvent t\u00e9l\u00e9charg\u00e9s dans des d\u00e9lais tr\u00e8s courts, nous ne pouvons garantir qu\u2019ils ne contiendront aucune erreur. Le Groupe n\u2019\u00e9met aucune revendication, promesse ou garantie quant \u00e0 la pr\u00e9cision, la compl\u00e9tude et l\u2019ad\u00e9quation des contenus de ce site et rejette toute responsabilit\u00e9 pour les erreurs et omissions dans les contenus de ce site.<\/p><p>Concernant le contenu des sites du Groupe, ni les soci\u00e9t\u00e9s du Groupe , ni ses employ\u00e9s et prestataires ne donnent de garantie explicite, implicite ou l\u00e9gale, incluant, mais ne se limitant pas, \u00e0 des garanties de non atteinte aux droits des tierces-parties, titre, et des garanties de loyaut\u00e9 commerciale et d\u2019ad\u00e9quation \u00e0 un but particulier concernant le contenu mis \u00e0 disposition sur les sites du Groupe ou d\u2019autres sites Internet reli\u00e9s.<\/p><p>De m\u00eame, le Groupe n\u2019assume aucune responsabilit\u00e9 l\u00e9gale sur l\u2019exactitude, la compl\u00e9tude ou l\u2019utilit\u00e9 de toute information, produit ou process pr\u00e9sent\u00e9, ni sur l\u2019exemption de virus informatique, ni ne pr\u00e9tend que l\u2019utilisation de telles informations, tels produits ou process n\u2019affecteront pas des droits priv\u00e9s.<\/p><p>En utilisant ce site, vous reconnaissez avoir pris connaissance des pr\u00e9sentes conditions d\u2019utilisation et vous engagez \u00e0 les respecter. En cons\u00e9quence, en qualit\u00e9 d\u2019utilisateur vous reconnaissez utiliser les informations diffus\u00e9es sous votre seule responsabilit\u00e9.<\/p>\t\t\t\t\t\t<\/div>\n\t\t\t\t<\/div>\n\t\t\t\t\t<\/div>\n\t\t<\/div>\n\t\t\t\t\t\t\t<\/div>\n\t\t<\/section>\n\t\t\t\t\t<\/div>\n\t\t<\/div>\n\t\t\t\t\t\t\t<\/div>\n\t\t<\/section>\n\t\t\t\t\t\t\t<\/div>\n\t\t","protected":false},"excerpt":{"rendered":"<p>Conditions d\u2019utilisation L\u2019utilisation de ce site, les termes et conditions de fourniture d\u2019information de notre part, sont r\u00e9gis par cette notice l\u00e9gale. En utilisant ce site, vous reconnaissez accepter les conditions ci-dessous et vous y engager. S\u00e9curit\u00e9 Nous consid\u00e9rons la protection de vos donn\u00e9es personnelles comme capitale. Les donn\u00e9es recueillies vous concernant, lorsque vous choisissez [&hellip;]<\/p>\n","protected":false},"author":1,"featured_media":0,"parent":0,"menu_order":0,"comment_status":"closed","ping_status":"closed","template":"elementor_header_footer","meta":{"om_disable_all_campaigns":false,"_monsterinsights_skip_tracking":false,"_monsterinsights_sitenote_active":false,"_monsterinsights_sitenote_note":"","_monsterinsights_sitenote_category":0,"footnotes":""},"class_list":["post-321","page","type-page","status-publish","hentry"],"aioseo_notices":[],"yoast_head":"<!-- This site is optimized with the Yoast SEO plugin v20.6 - https:\/\/yoast.com\/wordpress\/plugins\/seo\/ -->\n<title>Conditions d\u2019utilisation - DT TOGO<\/title>\n<meta name=\"robots\" content=\"index, follow, max-snippet:-1, max-image-preview:large, max-video-preview:-1\" \/>\n<link rel=\"canonical\" href=\"https:\/\/dttogo.gouv.tg\/?page_id=321\" \/>\n<meta property=\"og:locale\" content=\"fr_FR\" \/>\n<meta property=\"og:type\" content=\"article\" \/>\n<meta property=\"og:title\" content=\"Conditions d\u2019utilisation - DT TOGO\" \/>\n<meta property=\"og:description\" content=\"Conditions d\u2019utilisation L\u2019utilisation de ce site, les termes et conditions de fourniture d\u2019information de notre part, sont r\u00e9gis par cette notice l\u00e9gale. En utilisant ce site, vous reconnaissez accepter les conditions ci-dessous et vous y engager. S\u00e9curit\u00e9 Nous consid\u00e9rons la protection de vos donn\u00e9es personnelles comme capitale. Les donn\u00e9es recueillies vous concernant, lorsque vous choisissez [&hellip;]\" \/>\n<meta property=\"og:url\" content=\"https:\/\/dttogo.gouv.tg\/?page_id=321\" \/>\n<meta property=\"og:site_name\" content=\"DT TOGO\" \/>\n<meta property=\"article:modified_time\" content=\"2022-01-31T14:44:10+00:00\" \/>\n<meta name=\"twitter:card\" content=\"summary_large_image\" \/>\n<meta name=\"twitter:label1\" content=\"Dur\u00e9e de lecture estim\u00e9e\" \/>\n\t<meta name=\"twitter:data1\" content=\"4 minutes\" \/>\n<script type=\"application\/ld+json\" class=\"yoast-schema-graph\">{\"@context\":\"https:\/\/schema.org\",\"@graph\":[{\"@type\":\"WebPage\",\"@id\":\"https:\/\/dttogo.gouv.tg\/?page_id=321\",\"url\":\"https:\/\/dttogo.gouv.tg\/?page_id=321\",\"name\":\"Conditions d\u2019utilisation - DT TOGO\",\"isPartOf\":{\"@id\":\"https:\/\/dttogo.gouv.tg\/#website\"},\"datePublished\":\"2021-03-25T12:49:24+00:00\",\"dateModified\":\"2022-01-31T14:44:10+00:00\",\"breadcrumb\":{\"@id\":\"https:\/\/dttogo.gouv.tg\/?page_id=321#breadcrumb\"},\"inLanguage\":\"fr-FR\",\"potentialAction\":[{\"@type\":\"ReadAction\",\"target\":[\"https:\/\/dttogo.gouv.tg\/?page_id=321\"]}]},{\"@type\":\"BreadcrumbList\",\"@id\":\"https:\/\/dttogo.gouv.tg\/?page_id=321#breadcrumb\",\"itemListElement\":[{\"@type\":\"ListItem\",\"position\":1,\"name\":\"Accueil\",\"item\":\"https:\/\/dttogo.gouv.tg\/\"},{\"@type\":\"ListItem\",\"position\":2,\"name\":\"Conditions d\u2019utilisation\"}]},{\"@type\":\"WebSite\",\"@id\":\"https:\/\/dttogo.gouv.tg\/#website\",\"url\":\"https:\/\/dttogo.gouv.tg\/\",\"name\":\"DT TOGO\",\"description\":\"Conseil National des Chargeurs du TOGO\",\"potentialAction\":[{\"@type\":\"SearchAction\",\"target\":{\"@type\":\"EntryPoint\",\"urlTemplate\":\"https:\/\/dttogo.gouv.tg\/?s={search_term_string}\"},\"query-input\":\"required name=search_term_string\"}],\"inLanguage\":\"fr-FR\"}]}<\/script>\n<!-- \/ Yoast SEO plugin. -->","yoast_head_json":{"title":"Conditions d\u2019utilisation - DT TOGO","robots":{"index":"index","follow":"follow","max-snippet":"max-snippet:-1","max-image-preview":"max-image-preview:large","max-video-preview":"max-video-preview:-1"},"canonical":"https:\/\/dttogo.gouv.tg\/?page_id=321","og_locale":"fr_FR","og_type":"article","og_title":"Conditions d\u2019utilisation - DT TOGO","og_description":"Conditions d\u2019utilisation L\u2019utilisation de ce site, les termes et conditions de fourniture d\u2019information de notre part, sont r\u00e9gis par cette notice l\u00e9gale. En utilisant ce site, vous reconnaissez accepter les conditions ci-dessous et vous y engager. S\u00e9curit\u00e9 Nous consid\u00e9rons la protection de vos donn\u00e9es personnelles comme capitale. Les donn\u00e9es recueillies vous concernant, lorsque vous choisissez [&hellip;]","og_url":"https:\/\/dttogo.gouv.tg\/?page_id=321","og_site_name":"DT TOGO","article_modified_time":"2022-01-31T14:44:10+00:00","twitter_card":"summary_large_image","twitter_misc":{"Dur\u00e9e de lecture estim\u00e9e":"4 minutes"},"schema":{"@context":"https:\/\/schema.org","@graph":[{"@type":"WebPage","@id":"https:\/\/dttogo.gouv.tg\/?page_id=321","url":"https:\/\/dttogo.gouv.tg\/?page_id=321","name":"Conditions d\u2019utilisation - DT TOGO","isPartOf":{"@id":"https:\/\/dttogo.gouv.tg\/#website"},"datePublished":"2021-03-25T12:49:24+00:00","dateModified":"2022-01-31T14:44:10+00:00","breadcrumb":{"@id":"https:\/\/dttogo.gouv.tg\/?page_id=321#breadcrumb"},"inLanguage":"fr-FR","potentialAction":[{"@type":"ReadAction","target":["https:\/\/dttogo.gouv.tg\/?page_id=321"]}]},{"@type":"BreadcrumbList","@id":"https:\/\/dttogo.gouv.tg\/?page_id=321#breadcrumb","itemListElement":[{"@type":"ListItem","position":1,"name":"Accueil","item":"https:\/\/dttogo.gouv.tg\/"},{"@type":"ListItem","position":2,"name":"Conditions d\u2019utilisation"}]},{"@type":"WebSite","@id":"https:\/\/dttogo.gouv.tg\/#website","url":"https:\/\/dttogo.gouv.tg\/","name":"DT TOGO","description":"Conseil National des Chargeurs du TOGO","potentialAction":[{"@type":"SearchAction","target":{"@type":"EntryPoint","urlTemplate":"https:\/\/dttogo.gouv.tg\/?s={search_term_string}"},"query-input":"required name=search_term_string"}],"inLanguage":"fr-FR"}]}},"_links":{"self":[{"href":"https:\/\/dttogo.gouv.tg\/index.php?rest_route=\/wp\/v2\/pages\/321","targetHints":{"allow":["GET"]}}],"collection":[{"href":"https:\/\/dttogo.gouv.tg\/index.php?rest_route=\/wp\/v2\/pages"}],"about":[{"href":"https:\/\/dttogo.gouv.tg\/index.php?rest_route=\/wp\/v2\/types\/page"}],"author":[{"embeddable":true,"href":"https:\/\/dttogo.gouv.tg\/index.php?rest_route=\/wp\/v2\/users\/1"}],"replies":[{"embeddable":true,"href":"https:\/\/dttogo.gouv.tg\/index.php?rest_route=%2Fwp%2Fv2%2Fcomments&post=321"}],"version-history":[{"count":13,"href":"https:\/\/dttogo.gouv.tg\/index.php?rest_route=\/wp\/v2\/pages\/321\/revisions"}],"predecessor-version":[{"id":434,"href":"https:\/\/dttogo.gouv.tg\/index.php?rest_route=\/wp\/v2\/pages\/321\/revisions\/434"}],"wp:attachment":[{"href":"https:\/\/dttogo.gouv.tg\/index.php?rest_route=%2Fwp%2Fv2%2Fmedia&parent=321"}],"curies":[{"name":"wp","href":"https:\/\/api.w.org\/{rel}","templated":true}]}}