{"id":315,"date":"2021-03-25T13:47:36","date_gmt":"2021-03-25T12:47:36","guid":{"rendered":"https:\/\/dttogo.gouv.tg\/?page_id=315"},"modified":"2022-06-19T13:06:02","modified_gmt":"2022-06-19T13:06:02","slug":"mentions-legales","status":"publish","type":"page","link":"https:\/\/dttogo.gouv.tg\/?page_id=315","title":{"rendered":"Mentions L\u00e9gales"},"content":{"rendered":"\t\t<div data-elementor-type=\"wp-page\" data-elementor-id=\"315\" class=\"elementor elementor-315\">\n\t\t\t\t\t\t\t\t\t<section class=\"elementor-section elementor-top-section elementor-element elementor-element-13baf0c6 elementor-section-full_width elementor-section-height-min-height elementor-section-height-default elementor-section-items-middle\" data-id=\"13baf0c6\" data-element_type=\"section\" data-settings=\"{&quot;background_background&quot;:&quot;classic&quot;}\">\n\t\t\t\t\t\t<div class=\"elementor-container elementor-column-gap-default\">\n\t\t\t\t\t<div class=\"elementor-column elementor-col-100 elementor-top-column elementor-element elementor-element-5c4fa973\" data-id=\"5c4fa973\" data-element_type=\"column\">\n\t\t\t<div class=\"elementor-widget-wrap\">\n\t\t\t\t\t\t\t\t\t<\/div>\n\t\t<\/div>\n\t\t\t\t\t\t\t<\/div>\n\t\t<\/section>\n\t\t\t\t<section class=\"elementor-section elementor-top-section elementor-element elementor-element-3371626d elementor-section-boxed elementor-section-height-default elementor-section-height-default\" data-id=\"3371626d\" data-element_type=\"section\">\n\t\t\t\t\t\t<div class=\"elementor-container elementor-column-gap-default\">\n\t\t\t\t\t<div class=\"elementor-column elementor-col-100 elementor-top-column elementor-element elementor-element-527db0e1\" data-id=\"527db0e1\" data-element_type=\"column\" data-settings=\"{&quot;background_background&quot;:&quot;classic&quot;}\">\n\t\t\t<div class=\"elementor-widget-wrap elementor-element-populated\">\n\t\t\t\t\t\t\t\t<section class=\"elementor-section elementor-inner-section elementor-element elementor-element-18e701c5 elementor-section-boxed elementor-section-height-default elementor-section-height-default\" data-id=\"18e701c5\" data-element_type=\"section\">\n\t\t\t\t\t\t<div class=\"elementor-container elementor-column-gap-default\">\n\t\t\t\t\t<div class=\"elementor-column elementor-col-100 elementor-inner-column elementor-element elementor-element-ee9b707\" data-id=\"ee9b707\" data-element_type=\"column\">\n\t\t\t<div class=\"elementor-widget-wrap elementor-element-populated\">\n\t\t\t\t\t\t\t\t<div class=\"elementor-element elementor-element-2e59f8c1 elementor-widget elementor-widget-heading\" data-id=\"2e59f8c1\" data-element_type=\"widget\" data-widget_type=\"heading.default\">\n\t\t\t\t<div class=\"elementor-widget-container\">\n\t\t\t<h2 class=\"elementor-heading-title elementor-size-default\">Mentions L\u00e9gales<\/h2>\t\t<\/div>\n\t\t\t\t<\/div>\n\t\t\t\t<div class=\"elementor-element elementor-element-524c2da8 elementor-widget elementor-widget-text-editor\" data-id=\"524c2da8\" data-element_type=\"widget\" data-widget_type=\"text-editor.default\">\n\t\t\t\t<div class=\"elementor-widget-container\">\n\t\t\t\t\t\t\t<p>Nous accordons la plus grande importance \u00e0 la protection des donn\u00e9es personnelles. Toute information recueillie sur vous, lorsque vous avez d\u00e9cid\u00e9 de nous la fournir, est destin\u00e9e \u00e0 nous permettre de vous envoyer des informations sur les services pour lesquels vous avez manifest\u00e9 un int\u00e9r\u00eat.<\/p><p>Les informations peuvent \u00eatre fournies \u00e0 d\u2019autres soci\u00e9t\u00e9s dans le groupe dans ce but. En nous fournissant des informations vous concernant vous consentez \u00e0 ce que nous proc\u00e9dions comme indiqu\u00e9 ci-dessus. Nous ne les transmettrons \u00e0 aucune tierce-partie en dehors de Continental Maritime Services (C.M.S) SA, except\u00e9 pour ex\u00e9cuter vos commandes et vous adresser une demande.<\/p><p>Vous trouverez ci-dessous de plus amples informations sur la politique concernant les sites internet de Continental Maritime Services SA.<br class=\"autobr\" \/>Naviguer sur le site<\/p><p>Lorsque vous consultez tout site enregistr\u00e9 et exploit\u00e9 par La Continental Maritime Services. (\u00ab\u00a0Site Web\u00a0\u00bb), et parcourez les informations qu\u2019ils contiennent, vous le faites anonymement \u00e0 moins que vous ne choisissiez de nous fournir des informations sur vous-m\u00eame.<\/p><p>Si vous ne faites rien d\u2019autre durant votre visite que parcourir notre Site Web, en lisant des pages, en visionnant des images ou en t\u00e9l\u00e9chargeant des informations sans nous transmettre aucune information personnelle, nous recueillerons et stockerons automatiquement certaines informations sur votre visite. Cette information ne vous identifie pas personnellement.<\/p><p>Les informations recueillies automatiquement sont utilis\u00e9es \u00e0 deux fins seulement\u00a0: la gestion du Site Web et, dans le cas d\u2019une activit\u00e9 non-autoris\u00e9e suspecte, l\u2019application de la loi et les poursuites judiciaires (voir le paragraphe \u00ab\u00a0S\u00e9curit\u00e9\u00a0\u00bb des \u00ab\u00a0Conditions d\u2019utilisation\u00a0\u00bb).<\/p><ul class=\"spip\"><li>Les informations visiteurs des connexions aux Sites Web de C.M.S servent \u00e0 \u00e9tablir des statistiques g\u00e9n\u00e9rales. Nous utilisons les statistiques g\u00e9n\u00e9rales pour nous aider \u00e0 rendre notre Site Web plus utile pour les visiteurs, constatant quelle information est plus ou moins int\u00e9ressante, et dans d\u2019autres buts tels que d\u00e9terminer les sp\u00e9cifications pour la conception technique du Site Web et identifier la performance du syst\u00e8me ou les probl\u00e8mes.<\/li><li>Les types d\u2019informations pouvant \u00eatre automatiquement collect\u00e9es lors de votre visite et stock\u00e9es, sont les suivantes\u00a0:<\/li><li>le domaine internet et l\u2019adresse Internet Protocol (IP) \u00e0 partir de laquelle vous acc\u00e9dez \u00e0 notre Site Web<\/li><li>le type de navigateur Internet et le syst\u00e8me d\u2019exploitation de votre ordinateur utilis\u00e9 pour acc\u00e9der \u00e0 notre Site Web<\/li><li>la date de votre visite sur notre Site Web<\/li><li>les pages visit\u00e9es sur notre Site Web<\/li><\/ul><p>si vous vous \u00eates connect\u00e9 \u00e0 notre Site Web \u00e0 partir d\u2019un autre site web, l\u2019adresse de ce site web<br class=\"autobr\" \/>si vous vous \u00eates connect\u00e9 \u00e0 notre Site Web \u00e0 partir d\u2019un site web de recherche, l\u2019adresse de ce site web et le terme de recherche utilis\u00e9.<\/p><p><strong>Envoi d\u2019e-mails via les Sites Web de C.M.S<\/strong><\/p><p>Si vous d\u00e9cidez de nous soumettre une question ou un commentaire par e-mail et que vous indiquez votre nom et adresse postale ou e-mail, nous n\u2019utiliserons ces informations que pour r\u00e9pondre \u00e0 vos questions ou commentaires et vous contacter \u00e0 propos des services de notre Site Web auxquels vous vous \u00eates int\u00e9ress\u00e9.<br class=\"autobr\" \/>A moins d\u2019un souhait contraire, nous recueillons vos donn\u00e9es dans le seul but de vous r\u00e9pondre ou de permettre \u00e0 la C.M.S de vous contacter \u00e0 propos des services de notre Site Web auxquels vous vous \u00eates int\u00e9ress\u00e9.<\/p><p>Nous ne communiquerons vos nom, adresses e-mail ou postales \u00e0 aucune tierce-partie<\/p><p>En aucun cas, nous ne donnerons vos nom, adresses e-mail ou postale \u00e0 une organisation priv\u00e9e\u00a0; commerciale ou autre,<\/p><p>Compl\u00e9ter les formulaires et t\u00e9l\u00e9charger des informations sur les sites de C.M.S<br class=\"autobr\" \/>Si vous d\u00e9cidez de nous communiquer des informations sur vous-m\u00eame par le biais d\u2019un formulaire ou de t\u00e9l\u00e9charger des informations sur les Sites de C.M.S nous n\u2019utiliserons ces informations que pour ex\u00e9cuter la demande sp\u00e9cifi\u00e9e sur ce formulaire et pour vous contacter \u00e0 propos des services de notre Site Web auxquels vous vous \u00eates int\u00e9ress\u00e9.<\/p><p>Nous ne communiquerons aucune de vos informations \u00e0 une quelconque tierce-partie<\/p><p>Sauf indication contraire expresse sur un formulaire particulier, en aucun cas, nous ne donnerons vos nom, adresses e-mail ou postale \u00e0 une organisation priv\u00e9e\u00a0; commerciale ou autre<\/p><p>Nous ne conserverons les informations fournies par vous que pour la dur\u00e9e raisonnable pr\u00e9vue par la l\u00e9gislation applicable.<br class=\"autobr\" \/>S\u00e9curit\u00e9<\/p><p>Ce Site Web a pris toute pr\u00e9caution pour prot\u00e9ger les informations sur nos utilisateurs. Lorsque des utilisateurs soumettent des informations sensibles via le Site Web, vos informations sont prot\u00e9g\u00e9es en ligne et en dehors. Toutes les donn\u00e9es de nos utilisateurs restent circonscrites \u00e0 nos bureaux. Seuls les employ\u00e9s qui ont besoin de ces informations pour exercer leur m\u00e9tier ont un acc\u00e8s autoris\u00e9 aux informations personnelles identifiables. De plus, tous les employ\u00e9s sont inform\u00e9s des pratiques actualis\u00e9es \u00e0 respecter en mati\u00e8re de s\u00e9curit\u00e9 et de donn\u00e9es personnelles.<br class=\"autobr\" \/>Malheureusement, aucune transmission sur Internet ne peut \u00eatre garantie s\u00fbre \u00e0 100%. Aussi, en d\u00e9pit de nos efforts pour prot\u00e9ger vos donn\u00e9es personnelles, La C.M.S ne peut assurer ou garantir la s\u00e9curit\u00e9 de toute information que vous nous transmettez vers, ou \u00e0 partir de nos services en ligne. Toutes les informations ainsi transmises le sont \u00e0 vos propres risques. Cependant, d\u00e8s que nous recevons vos transmissions, nous nous effor\u00e7ons d\u2019assurer leur s\u00e9curit\u00e9 sur nos syst\u00e8mes.<br class=\"autobr\" \/>La politique de C.M.S ne s\u2019applique pas \u00e0 tout ce qui est inh\u00e9rent au fonctionnement d\u2019Internet, et de ce fait hors du contr\u00f4le de La C.M.S et ne doit \u00eatre appliqu\u00e9e en aucune mani\u00e8re en contradiction avec la loi applicable ou la r\u00e9glementation gouvernementale.<\/p><p><strong>Notification de changements<\/strong><\/p><p>Si nous d\u00e9cidons de changer notre politique sur les donn\u00e9es personnelles, nous ferons figurer ces changements sur notre page d\u2019accueil de sorte que nos utilisateurs soient toujours inform\u00e9s des informations que nous recueillons, comment nous les utilisons et dans quels cas nous les donnons. Si, \u00e0 un moment quelconque, nous d\u00e9cidons d\u2019utiliser des informations personnellement identifiables d\u2019une mani\u00e8re diff\u00e9rente de celle indiqu\u00e9e au moment o\u00f9 elles sont collect\u00e9es, nous le notifierons aux utilisateurs par le biais d\u2019un e-mail. Les utilisateurs auront le choix de nous laisser ou non utiliser leurs informations de cette diff\u00e9rente mani\u00e8re. Nous utiliserons les informations dans le respect de la politique sur les donn\u00e9es personnelles qui a r\u00e9gi la collecte de ces informations.<br class=\"autobr\" \/>D\u00e9tail des contacts<\/p><p>C.M.S g\u00e8re le contenu des informations g\u00e9n\u00e9rales sur la soci\u00e9t\u00e9, la conception et l\u2019organisation du Site Web\u00a0<a class=\"spip_url spip_out auto\" href=\"https:\/\/dttogo.gouv.tg\/\" rel=\"nofollow\">https:\/\/dttogo.gouv.tg<\/a><br class=\"autobr\" \/>Pour toute question ou commentaire concernant les informations pr\u00e9sent\u00e9es ci-devant, contactez-nous \u00e0 l\u2019adresse suivante\u00a0:<\/p><p><strong>Contental Maritime Service SA<\/strong><\/p><ul class=\"spip\"><li>Rue C39, Abidjan, C\u00f4te d&rsquo;Ivoire<\/li><li>(+225) 05 06 15 89 73 \/ 05 66 20 25 78 \/ 07 07 10 51 55<\/li><li>e-mail : contact@dttogo.gouv.tg<\/li><\/ul><p><strong>Politique de confidentialit\u00e9 des donn\u00e9es \u00e0\u00a0<a class=\"spip_url spip_out auto\" href=\"https:\/\/dttogo.gouv.tg\" rel=\"nofollow\">https:\/\/dttogo.gouv.tg<\/a><\/strong><\/p><p>Nous reconnaissons l\u2019importance de protections de donn\u00e9es personnelles efficaces et significatives quand il recueille et utilise les donn\u00e9es personnelles de ses utilisateurs.<br class=\"autobr\" \/>CMS SA se conformera \u00e0 la POLITIQUE DE PROTECTION DES DONNEES PERSONNELLES DU GROUPE CMS (Derni\u00e8re mise \u00e0 jour\u00a0: 23 mai 2018) qui exprime l\u2019engagement fort du Groupe CMS \u00e0 respecter et prot\u00e9ger les Donn\u00e9es Personnelles de chaque individu et \u00e0 assurer le respect international des donn\u00e9es lois de protection.<\/p><p>Nous vous encourageons \u00e0 consulter r\u00e9guli\u00e8rement les mises \u00e0 jour potentielles de cette politique de protection des donn\u00e9es personnelles disponibles sur \u2026\u2026\u2026\u2026\u2026\u2026..<br class=\"autobr\" \/>Si vous avez des questions ou des pr\u00e9occupations sur la mani\u00e8re dont nous traitons et utilisons vos donn\u00e9es personnelles, ou si vous souhaitez \u2026\u2026\u2026\u2026\u2026\u2026.<\/p>\t\t\t\t\t\t<\/div>\n\t\t\t\t<\/div>\n\t\t\t\t\t<\/div>\n\t\t<\/div>\n\t\t\t\t\t\t\t<\/div>\n\t\t<\/section>\n\t\t\t\t\t<\/div>\n\t\t<\/div>\n\t\t\t\t\t\t\t<\/div>\n\t\t<\/section>\n\t\t\t\t\t\t\t<\/div>\n\t\t","protected":false},"excerpt":{"rendered":"<p>Mentions L\u00e9gales Nous accordons la plus grande importance \u00e0 la protection des donn\u00e9es personnelles. Toute information recueillie sur vous, lorsque vous avez d\u00e9cid\u00e9 de nous la fournir, est destin\u00e9e \u00e0 nous permettre de vous envoyer des informations sur les services pour lesquels vous avez manifest\u00e9 un int\u00e9r\u00eat. Les informations peuvent \u00eatre fournies \u00e0 d\u2019autres soci\u00e9t\u00e9s [&hellip;]<\/p>\n","protected":false},"author":1,"featured_media":0,"parent":0,"menu_order":0,"comment_status":"closed","ping_status":"closed","template":"elementor_header_footer","meta":{"om_disable_all_campaigns":false,"_monsterinsights_skip_tracking":false,"_monsterinsights_sitenote_active":false,"_monsterinsights_sitenote_note":"","_monsterinsights_sitenote_category":0,"footnotes":""},"class_list":["post-315","page","type-page","status-publish","hentry"],"aioseo_notices":[],"yoast_head":"<!-- This site is optimized with the Yoast SEO plugin v20.6 - https:\/\/yoast.com\/wordpress\/plugins\/seo\/ -->\n<title>Mentions L\u00e9gales - DT TOGO<\/title>\n<meta name=\"robots\" content=\"index, follow, max-snippet:-1, max-image-preview:large, max-video-preview:-1\" \/>\n<link rel=\"canonical\" href=\"https:\/\/dttogo.gouv.tg\/?page_id=315\" \/>\n<meta property=\"og:locale\" content=\"fr_FR\" \/>\n<meta property=\"og:type\" content=\"article\" \/>\n<meta property=\"og:title\" content=\"Mentions L\u00e9gales - DT TOGO\" \/>\n<meta property=\"og:description\" content=\"Mentions L\u00e9gales Nous accordons la plus grande importance \u00e0 la protection des donn\u00e9es personnelles. Toute information recueillie sur vous, lorsque vous avez d\u00e9cid\u00e9 de nous la fournir, est destin\u00e9e \u00e0 nous permettre de vous envoyer des informations sur les services pour lesquels vous avez manifest\u00e9 un int\u00e9r\u00eat. Les informations peuvent \u00eatre fournies \u00e0 d\u2019autres soci\u00e9t\u00e9s [&hellip;]\" \/>\n<meta property=\"og:url\" content=\"https:\/\/dttogo.gouv.tg\/?page_id=315\" \/>\n<meta property=\"og:site_name\" content=\"DT TOGO\" \/>\n<meta property=\"article:modified_time\" content=\"2022-06-19T13:06:02+00:00\" \/>\n<meta name=\"twitter:card\" content=\"summary_large_image\" \/>\n<meta name=\"twitter:label1\" content=\"Dur\u00e9e de lecture estim\u00e9e\" \/>\n\t<meta name=\"twitter:data1\" content=\"6 minutes\" \/>\n<script type=\"application\/ld+json\" class=\"yoast-schema-graph\">{\"@context\":\"https:\/\/schema.org\",\"@graph\":[{\"@type\":\"WebPage\",\"@id\":\"https:\/\/dttogo.gouv.tg\/?page_id=315\",\"url\":\"https:\/\/dttogo.gouv.tg\/?page_id=315\",\"name\":\"Mentions L\u00e9gales - DT TOGO\",\"isPartOf\":{\"@id\":\"https:\/\/dttogo.gouv.tg\/#website\"},\"datePublished\":\"2021-03-25T12:47:36+00:00\",\"dateModified\":\"2022-06-19T13:06:02+00:00\",\"breadcrumb\":{\"@id\":\"https:\/\/dttogo.gouv.tg\/?page_id=315#breadcrumb\"},\"inLanguage\":\"fr-FR\",\"potentialAction\":[{\"@type\":\"ReadAction\",\"target\":[\"https:\/\/dttogo.gouv.tg\/?page_id=315\"]}]},{\"@type\":\"BreadcrumbList\",\"@id\":\"https:\/\/dttogo.gouv.tg\/?page_id=315#breadcrumb\",\"itemListElement\":[{\"@type\":\"ListItem\",\"position\":1,\"name\":\"Accueil\",\"item\":\"https:\/\/dttogo.gouv.tg\/\"},{\"@type\":\"ListItem\",\"position\":2,\"name\":\"Mentions L\u00e9gales\"}]},{\"@type\":\"WebSite\",\"@id\":\"https:\/\/dttogo.gouv.tg\/#website\",\"url\":\"https:\/\/dttogo.gouv.tg\/\",\"name\":\"DT TOGO\",\"description\":\"Conseil National des Chargeurs du TOGO\",\"potentialAction\":[{\"@type\":\"SearchAction\",\"target\":{\"@type\":\"EntryPoint\",\"urlTemplate\":\"https:\/\/dttogo.gouv.tg\/?s={search_term_string}\"},\"query-input\":\"required name=search_term_string\"}],\"inLanguage\":\"fr-FR\"}]}<\/script>\n<!-- \/ Yoast SEO plugin. -->","yoast_head_json":{"title":"Mentions L\u00e9gales - DT TOGO","robots":{"index":"index","follow":"follow","max-snippet":"max-snippet:-1","max-image-preview":"max-image-preview:large","max-video-preview":"max-video-preview:-1"},"canonical":"https:\/\/dttogo.gouv.tg\/?page_id=315","og_locale":"fr_FR","og_type":"article","og_title":"Mentions L\u00e9gales - DT TOGO","og_description":"Mentions L\u00e9gales Nous accordons la plus grande importance \u00e0 la protection des donn\u00e9es personnelles. Toute information recueillie sur vous, lorsque vous avez d\u00e9cid\u00e9 de nous la fournir, est destin\u00e9e \u00e0 nous permettre de vous envoyer des informations sur les services pour lesquels vous avez manifest\u00e9 un int\u00e9r\u00eat. Les informations peuvent \u00eatre fournies \u00e0 d\u2019autres soci\u00e9t\u00e9s [&hellip;]","og_url":"https:\/\/dttogo.gouv.tg\/?page_id=315","og_site_name":"DT TOGO","article_modified_time":"2022-06-19T13:06:02+00:00","twitter_card":"summary_large_image","twitter_misc":{"Dur\u00e9e de lecture estim\u00e9e":"6 minutes"},"schema":{"@context":"https:\/\/schema.org","@graph":[{"@type":"WebPage","@id":"https:\/\/dttogo.gouv.tg\/?page_id=315","url":"https:\/\/dttogo.gouv.tg\/?page_id=315","name":"Mentions L\u00e9gales - DT TOGO","isPartOf":{"@id":"https:\/\/dttogo.gouv.tg\/#website"},"datePublished":"2021-03-25T12:47:36+00:00","dateModified":"2022-06-19T13:06:02+00:00","breadcrumb":{"@id":"https:\/\/dttogo.gouv.tg\/?page_id=315#breadcrumb"},"inLanguage":"fr-FR","potentialAction":[{"@type":"ReadAction","target":["https:\/\/dttogo.gouv.tg\/?page_id=315"]}]},{"@type":"BreadcrumbList","@id":"https:\/\/dttogo.gouv.tg\/?page_id=315#breadcrumb","itemListElement":[{"@type":"ListItem","position":1,"name":"Accueil","item":"https:\/\/dttogo.gouv.tg\/"},{"@type":"ListItem","position":2,"name":"Mentions L\u00e9gales"}]},{"@type":"WebSite","@id":"https:\/\/dttogo.gouv.tg\/#website","url":"https:\/\/dttogo.gouv.tg\/","name":"DT TOGO","description":"Conseil National des Chargeurs du TOGO","potentialAction":[{"@type":"SearchAction","target":{"@type":"EntryPoint","urlTemplate":"https:\/\/dttogo.gouv.tg\/?s={search_term_string}"},"query-input":"required name=search_term_string"}],"inLanguage":"fr-FR"}]}},"_links":{"self":[{"href":"https:\/\/dttogo.gouv.tg\/index.php?rest_route=\/wp\/v2\/pages\/315","targetHints":{"allow":["GET"]}}],"collection":[{"href":"https:\/\/dttogo.gouv.tg\/index.php?rest_route=\/wp\/v2\/pages"}],"about":[{"href":"https:\/\/dttogo.gouv.tg\/index.php?rest_route=\/wp\/v2\/types\/page"}],"author":[{"embeddable":true,"href":"https:\/\/dttogo.gouv.tg\/index.php?rest_route=\/wp\/v2\/users\/1"}],"replies":[{"embeddable":true,"href":"https:\/\/dttogo.gouv.tg\/index.php?rest_route=%2Fwp%2Fv2%2Fcomments&post=315"}],"version-history":[{"count":5,"href":"https:\/\/dttogo.gouv.tg\/index.php?rest_route=\/wp\/v2\/pages\/315\/revisions"}],"predecessor-version":[{"id":490,"href":"https:\/\/dttogo.gouv.tg\/index.php?rest_route=\/wp\/v2\/pages\/315\/revisions\/490"}],"wp:attachment":[{"href":"https:\/\/dttogo.gouv.tg\/index.php?rest_route=%2Fwp%2Fv2%2Fmedia&parent=315"}],"curies":[{"name":"wp","href":"https:\/\/api.w.org\/{rel}","templated":true}]}}