{"id":260,"date":"2021-03-25T10:56:41","date_gmt":"2021-03-25T09:56:41","guid":{"rendered":"https:\/\/dttogo.gouv.tg\/?page_id=260"},"modified":"2022-01-31T14:31:32","modified_gmt":"2022-01-31T14:31:32","slug":"droit-du-trafic","status":"publish","type":"page","link":"https:\/\/dttogo.gouv.tg\/?page_id=260","title":{"rendered":"Droit du trafic"},"content":{"rendered":"\t\t<div data-elementor-type=\"wp-page\" data-elementor-id=\"260\" class=\"elementor elementor-260\">\n\t\t\t\t\t\t\t\t\t<section class=\"elementor-section elementor-top-section elementor-element elementor-element-771c4b0 elementor-section-full_width elementor-section-height-min-height elementor-section-height-default elementor-section-items-middle\" data-id=\"771c4b0\" data-element_type=\"section\" data-settings=\"{&quot;background_background&quot;:&quot;classic&quot;}\">\n\t\t\t\t\t\t<div class=\"elementor-container elementor-column-gap-default\">\n\t\t\t\t\t<div class=\"elementor-column elementor-col-100 elementor-top-column elementor-element elementor-element-dfaf913\" data-id=\"dfaf913\" data-element_type=\"column\">\n\t\t\t<div class=\"elementor-widget-wrap\">\n\t\t\t\t\t\t\t\t\t<\/div>\n\t\t<\/div>\n\t\t\t\t\t\t\t<\/div>\n\t\t<\/section>\n\t\t\t\t<section class=\"elementor-section elementor-top-section elementor-element elementor-element-af949d2 elementor-section-boxed elementor-section-height-default elementor-section-height-default\" data-id=\"af949d2\" data-element_type=\"section\">\n\t\t\t\t\t\t<div class=\"elementor-container elementor-column-gap-default\">\n\t\t\t\t\t<div class=\"elementor-column elementor-col-100 elementor-top-column elementor-element elementor-element-5b93079\" data-id=\"5b93079\" data-element_type=\"column\" data-settings=\"{&quot;background_background&quot;:&quot;classic&quot;}\">\n\t\t\t<div class=\"elementor-widget-wrap elementor-element-populated\">\n\t\t\t\t\t\t\t\t<section class=\"elementor-section elementor-inner-section elementor-element elementor-element-f450a40 elementor-section-boxed elementor-section-height-default elementor-section-height-default\" data-id=\"f450a40\" data-element_type=\"section\">\n\t\t\t\t\t\t<div class=\"elementor-container elementor-column-gap-default\">\n\t\t\t\t\t<div class=\"elementor-column elementor-col-50 elementor-inner-column elementor-element elementor-element-bbdebb8\" data-id=\"bbdebb8\" data-element_type=\"column\">\n\t\t\t<div class=\"elementor-widget-wrap elementor-element-populated\">\n\t\t\t\t\t\t\t\t<div class=\"elementor-element elementor-element-a69d613 elementor-widget elementor-widget-heading\" data-id=\"a69d613\" data-element_type=\"widget\" data-widget_type=\"heading.default\">\n\t\t\t\t<div class=\"elementor-widget-container\">\n\t\t\t<h2 class=\"elementor-heading-title elementor-size-default\">Droit de trafic<\/h2>\t\t<\/div>\n\t\t\t\t<\/div>\n\t\t\t\t<div class=\"elementor-element elementor-element-a017171 elementor-widget elementor-widget-text-editor\" data-id=\"a017171\" data-element_type=\"widget\" data-widget_type=\"text-editor.default\">\n\t\t\t\t<div class=\"elementor-widget-container\">\n\t\t\t\t\t\t\t<p>Chaque Etat membre d\u00e9tient un droit de trafic maritime sur les cargaisons g\u00e9n\u00e9r\u00e9es par son commerce ext\u00e9rieur. Il reconna\u00eet le m\u00eame droit aux autres Etats membres.<\/p>\t\t\t\t\t\t<\/div>\n\t\t\t\t<\/div>\n\t\t\t\t\t<\/div>\n\t\t<\/div>\n\t\t\t\t<div class=\"elementor-column elementor-col-50 elementor-inner-column elementor-element elementor-element-87c6e4e\" data-id=\"87c6e4e\" data-element_type=\"column\">\n\t\t\t<div class=\"elementor-widget-wrap elementor-element-populated\">\n\t\t\t\t\t\t\t\t<div class=\"elementor-element elementor-element-1905d3c elementor-widget elementor-widget-image\" data-id=\"1905d3c\" data-element_type=\"widget\" data-widget_type=\"image.default\">\n\t\t\t\t<div class=\"elementor-widget-container\">\n\t\t\t\t\t\t\t\t\t\t\t\t\t\t\t<img loading=\"lazy\" decoding=\"async\" width=\"800\" height=\"533\" src=\"https:\/\/dttogo.gouv.tg\/wp-content\/uploads\/2021\/03\/interface-dtguinee-1024x682.jpg\" class=\"attachment-large size-large wp-image-266\" alt=\"\" srcset=\"https:\/\/dttogo.gouv.tg\/wp-content\/uploads\/2021\/03\/interface-dtguinee-1024x682.jpg 1024w, https:\/\/dttogo.gouv.tg\/wp-content\/uploads\/2021\/03\/interface-dtguinee-300x200.jpg 300w, https:\/\/dttogo.gouv.tg\/wp-content\/uploads\/2021\/03\/interface-dtguinee-768x511.jpg 768w, https:\/\/dttogo.gouv.tg\/wp-content\/uploads\/2021\/03\/interface-dtguinee.jpg 1200w\" sizes=\"auto, (max-width: 800px) 100vw, 800px\" \/>\t\t\t\t\t\t\t\t\t\t\t\t\t\t\t<\/div>\n\t\t\t\t<\/div>\n\t\t\t\t\t<\/div>\n\t\t<\/div>\n\t\t\t\t\t\t\t<\/div>\n\t\t<\/section>\n\t\t\t\t\t<\/div>\n\t\t<\/div>\n\t\t\t\t\t\t\t<\/div>\n\t\t<\/section>\n\t\t\t\t\t\t\t<\/div>\n\t\t","protected":false},"excerpt":{"rendered":"<p>Droit de trafic Chaque Etat membre d\u00e9tient un droit de trafic maritime sur les cargaisons g\u00e9n\u00e9r\u00e9es par son commerce ext\u00e9rieur. Il reconna\u00eet le m\u00eame droit aux autres Etats membres.<\/p>\n","protected":false},"author":1,"featured_media":0,"parent":0,"menu_order":0,"comment_status":"closed","ping_status":"closed","template":"elementor_header_footer","meta":{"om_disable_all_campaigns":false,"_monsterinsights_skip_tracking":false,"_monsterinsights_sitenote_active":false,"_monsterinsights_sitenote_note":"","_monsterinsights_sitenote_category":0,"footnotes":""},"class_list":["post-260","page","type-page","status-publish","hentry"],"aioseo_notices":[],"yoast_head":"<!-- This site is optimized with the Yoast SEO plugin v20.6 - https:\/\/yoast.com\/wordpress\/plugins\/seo\/ -->\n<title>Droit du trafic - DT TOGO<\/title>\n<meta name=\"robots\" content=\"index, follow, max-snippet:-1, max-image-preview:large, max-video-preview:-1\" \/>\n<link rel=\"canonical\" href=\"https:\/\/dttogo.gouv.tg\/?page_id=260\" \/>\n<meta property=\"og:locale\" content=\"fr_FR\" \/>\n<meta property=\"og:type\" content=\"article\" \/>\n<meta property=\"og:title\" content=\"Droit du trafic - DT TOGO\" \/>\n<meta property=\"og:description\" content=\"Droit de trafic Chaque Etat membre d\u00e9tient un droit de trafic maritime sur les cargaisons g\u00e9n\u00e9r\u00e9es par son commerce ext\u00e9rieur. Il reconna\u00eet le m\u00eame droit aux autres Etats membres.\" \/>\n<meta property=\"og:url\" content=\"https:\/\/dttogo.gouv.tg\/?page_id=260\" \/>\n<meta property=\"og:site_name\" content=\"DT TOGO\" \/>\n<meta property=\"article:modified_time\" content=\"2022-01-31T14:31:32+00:00\" \/>\n<meta property=\"og:image\" content=\"https:\/\/dttogo.gouv.tg\/wp-content\/uploads\/2021\/03\/interface-dtguinee-1024x682.jpg\" \/>\n<meta name=\"twitter:card\" content=\"summary_large_image\" \/>\n<script type=\"application\/ld+json\" class=\"yoast-schema-graph\">{\"@context\":\"https:\/\/schema.org\",\"@graph\":[{\"@type\":\"WebPage\",\"@id\":\"https:\/\/dttogo.gouv.tg\/?page_id=260\",\"url\":\"https:\/\/dttogo.gouv.tg\/?page_id=260\",\"name\":\"Droit du trafic - DT TOGO\",\"isPartOf\":{\"@id\":\"https:\/\/dttogo.gouv.tg\/#website\"},\"datePublished\":\"2021-03-25T09:56:41+00:00\",\"dateModified\":\"2022-01-31T14:31:32+00:00\",\"breadcrumb\":{\"@id\":\"https:\/\/dttogo.gouv.tg\/?page_id=260#breadcrumb\"},\"inLanguage\":\"fr-FR\",\"potentialAction\":[{\"@type\":\"ReadAction\",\"target\":[\"https:\/\/dttogo.gouv.tg\/?page_id=260\"]}]},{\"@type\":\"BreadcrumbList\",\"@id\":\"https:\/\/dttogo.gouv.tg\/?page_id=260#breadcrumb\",\"itemListElement\":[{\"@type\":\"ListItem\",\"position\":1,\"name\":\"Accueil\",\"item\":\"https:\/\/dttogo.gouv.tg\/\"},{\"@type\":\"ListItem\",\"position\":2,\"name\":\"Droit du trafic\"}]},{\"@type\":\"WebSite\",\"@id\":\"https:\/\/dttogo.gouv.tg\/#website\",\"url\":\"https:\/\/dttogo.gouv.tg\/\",\"name\":\"DT TOGO\",\"description\":\"Conseil National des Chargeurs du TOGO\",\"potentialAction\":[{\"@type\":\"SearchAction\",\"target\":{\"@type\":\"EntryPoint\",\"urlTemplate\":\"https:\/\/dttogo.gouv.tg\/?s={search_term_string}\"},\"query-input\":\"required name=search_term_string\"}],\"inLanguage\":\"fr-FR\"}]}<\/script>\n<!-- \/ Yoast SEO plugin. -->","yoast_head_json":{"title":"Droit du trafic - DT TOGO","robots":{"index":"index","follow":"follow","max-snippet":"max-snippet:-1","max-image-preview":"max-image-preview:large","max-video-preview":"max-video-preview:-1"},"canonical":"https:\/\/dttogo.gouv.tg\/?page_id=260","og_locale":"fr_FR","og_type":"article","og_title":"Droit du trafic - DT TOGO","og_description":"Droit de trafic Chaque Etat membre d\u00e9tient un droit de trafic maritime sur les cargaisons g\u00e9n\u00e9r\u00e9es par son commerce ext\u00e9rieur. Il reconna\u00eet le m\u00eame droit aux autres Etats membres.","og_url":"https:\/\/dttogo.gouv.tg\/?page_id=260","og_site_name":"DT TOGO","article_modified_time":"2022-01-31T14:31:32+00:00","og_image":[{"url":"https:\/\/dttogo.gouv.tg\/wp-content\/uploads\/2021\/03\/interface-dtguinee-1024x682.jpg"}],"twitter_card":"summary_large_image","schema":{"@context":"https:\/\/schema.org","@graph":[{"@type":"WebPage","@id":"https:\/\/dttogo.gouv.tg\/?page_id=260","url":"https:\/\/dttogo.gouv.tg\/?page_id=260","name":"Droit du trafic - DT TOGO","isPartOf":{"@id":"https:\/\/dttogo.gouv.tg\/#website"},"datePublished":"2021-03-25T09:56:41+00:00","dateModified":"2022-01-31T14:31:32+00:00","breadcrumb":{"@id":"https:\/\/dttogo.gouv.tg\/?page_id=260#breadcrumb"},"inLanguage":"fr-FR","potentialAction":[{"@type":"ReadAction","target":["https:\/\/dttogo.gouv.tg\/?page_id=260"]}]},{"@type":"BreadcrumbList","@id":"https:\/\/dttogo.gouv.tg\/?page_id=260#breadcrumb","itemListElement":[{"@type":"ListItem","position":1,"name":"Accueil","item":"https:\/\/dttogo.gouv.tg\/"},{"@type":"ListItem","position":2,"name":"Droit du trafic"}]},{"@type":"WebSite","@id":"https:\/\/dttogo.gouv.tg\/#website","url":"https:\/\/dttogo.gouv.tg\/","name":"DT TOGO","description":"Conseil National des Chargeurs du TOGO","potentialAction":[{"@type":"SearchAction","target":{"@type":"EntryPoint","urlTemplate":"https:\/\/dttogo.gouv.tg\/?s={search_term_string}"},"query-input":"required name=search_term_string"}],"inLanguage":"fr-FR"}]}},"_links":{"self":[{"href":"https:\/\/dttogo.gouv.tg\/index.php?rest_route=\/wp\/v2\/pages\/260","targetHints":{"allow":["GET"]}}],"collection":[{"href":"https:\/\/dttogo.gouv.tg\/index.php?rest_route=\/wp\/v2\/pages"}],"about":[{"href":"https:\/\/dttogo.gouv.tg\/index.php?rest_route=\/wp\/v2\/types\/page"}],"author":[{"embeddable":true,"href":"https:\/\/dttogo.gouv.tg\/index.php?rest_route=\/wp\/v2\/users\/1"}],"replies":[{"embeddable":true,"href":"https:\/\/dttogo.gouv.tg\/index.php?rest_route=%2Fwp%2Fv2%2Fcomments&post=260"}],"version-history":[{"count":28,"href":"https:\/\/dttogo.gouv.tg\/index.php?rest_route=\/wp\/v2\/pages\/260\/revisions"}],"predecessor-version":[{"id":425,"href":"https:\/\/dttogo.gouv.tg\/index.php?rest_route=\/wp\/v2\/pages\/260\/revisions\/425"}],"wp:attachment":[{"href":"https:\/\/dttogo.gouv.tg\/index.php?rest_route=%2Fwp%2Fv2%2Fmedia&parent=260"}],"curies":[{"name":"wp","href":"https:\/\/api.w.org\/{rel}","templated":true}]}}